{"id":543,"date":"2018-05-15T20:51:01","date_gmt":"2018-05-15T20:51:01","guid":{"rendered":"http:\/\/www.acegraph.com\/?page_id=543"},"modified":"2018-05-15T20:51:01","modified_gmt":"2018-05-15T20:51:01","slug":"impressum","status":"publish","type":"page","link":"http:\/\/www.acegraph.com\/?page_id=543","title":{"rendered":"Impressum"},"content":{"rendered":"<p style=\"margin-top: 15pt; margin-bottom: 7pt; font-family: 'Open Sans'; font-size: 22.5pt; color: #333333;\"><span style=\"background: white;\">Impressum<\/span><\/p>\n<p style=\"margin-top: 0pt; margin-bottom: 7pt; font-family: 'Open Sans'; font-size: 11.25pt; color: #333333;\"><span style=\"background: white;\">Informationspflicht laut \u00a75 E-Commerce Gesetz, \u00a714 Unternehmensgesetzbuch, \u00a763 Gewerbeordnung und Offenlegungspflicht laut \u00a725 Mediengesetz<\/span><\/p>\n<p style=\"margin-top: 0pt; margin-bottom: 7pt; font-family: 'Open Sans'; font-size: 11.25pt; color: #333333;\"><span lang=\"en-GB\" style=\"color: #333333; background: white;\">Alexander&nbsp;Senfter<br \/>\nPhilippine Welser Stra\u00dfe 37\/1, 6020&nbsp;Innsbruck<br \/>\n<\/span><span lang=\"en-GB\" style=\"font-weight: bold; color: #333333; background: white;\">UID-Nummer:<\/span><span lang=\"en-GB\" style=\"color: #333333; background: white;\">&nbsp;ATU72974935<br \/>\n<\/span><span lang=\"en-GB\" style=\"font-weight: bold; color: #333333; background: white;\">Tel.:<\/span><span lang=\"en-GB\" style=\"color: #333333; background: white;\">&nbsp;+43 (0)699 14455443<br \/>\n<\/span><span lang=\"en-GB\" style=\"font-weight: bold; color: #333333; background: white;\">E-Mail:<\/span><span lang=\"de\" style=\"color: #333333; background: white;\">&nbsp;<\/span><a href=\"mailto:office@acegraph.com\"><span lang=\"de\" style=\"background: white;\">office@acegraph.com<\/span><\/a><span lang=\"en-GB\" style=\"font-weight: bold; color: #333333; background: white;\"><br \/>\nMitglied bei:<\/span><span lang=\"en-GB\" style=\"color: #333333; background: white;\">&nbsp;WKO Tirol<br \/>\n<\/span><span lang=\"en-GB\" style=\"font-weight: bold; color: #333333; background: white;\">Berufsrecht:<\/span><span lang=\"en-GB\" style=\"color: #333333; background: white;\">&nbsp;Gewerbeordnung: <\/span><a href=\"http:\/\/www.ris.bka.gv.at\"><span lang=\"en-GB\" style=\"color: #333333; background: white;\">www.ris.bka.gv.at<\/span><\/a><\/p>\n<p><span style=\"font-weight: bold; background: white;\">Aufsichtsbeh\u00f6rde\/Gewerbebeh\u00f6rde:<\/span><span style=\"background: white;\">&nbsp;Bezirkshauptmannschaft Innsbruck<\/span><\/p>\n<p style=\"margin-top: 0pt; margin-bottom: 7pt; font-family: 'Open Sans'; font-size: 11.25pt; color: #333333;\"><span lang=\"en-GB\" style=\"font-weight: bold; background: white;\">Berufsbezeichnung:<\/span><span lang=\"en-GB\" style=\"background: white;\">&nbsp;3D Grafiker, CG Generalist, <\/span><span lang=\"de\" style=\"background: white;\">Photographer<\/span><\/p>\n<p style=\"margin-top: 0pt; margin-bottom: 7pt; font-family: 'Open Sans'; font-size: 15.5pt; color: #333333;\">&nbsp;<\/p>\n<p style=\"margin-top: 0pt; margin-bottom: 7pt; font-family: 'Open Sans'; font-size: 15.5pt; color: #333333;\"><span style=\"background: white;\">Haftungsausschluss<\/span><\/p>\n<p style=\"margin-top: 0pt; margin-bottom: 7pt; font-family: 'Open Sans'; font-size: 11.25pt; color: #333333;\"><span style=\"background: white;\">Dieser Haftungsausschluss ist als Teil des Internetangebotes zu betrachten, von dem aus auf diese Webseite&nbsp;verwiesen wurde. Sofern Teile oder einzelne Formulierungen dieses Textes der geltenden Rechtslage nicht, nicht mehr oder nicht vollst\u00e4ndig entsprechen sollten, bleiben die \u00fcbrigen Teile des Dokumentes in ihrem Inhalt und ihrer G\u00fcltigkeit davon unber\u00fchrt.<\/span><\/p>\n<p style=\"margin-top: 15pt; margin-bottom: 7pt; font-family: 'Open Sans'; font-size: 15.75pt; color: #333333;\"><span style=\"background: white;\">Haftung f\u00fcr Inhalte dieser Webseite<\/span><\/p>\n<p style=\"margin-top: 0pt; margin-bottom: 7pt; font-family: 'Open Sans'; font-size: 11.25pt; color: #333333;\"><span style=\"background: white;\">Die Inhalte unserer Seiten wurden mit gr\u00f6\u00dfter Sorgfalt erstellt. F\u00fcr die Richtigkeit, Vollst\u00e4ndigkeit und Aktualit\u00e4t der Inhalte k\u00f6nnen wir jedoch keine Gew\u00e4hr \u00fcbernehmen. Als Diensteanbieter sind wir f\u00fcr eigene Inhalte auf diesen Seiten nach den allgemeinen Gesetzen verantwortlich. Wir sind jedoch nicht verpflichtet, \u00fcbermittelte oder gespeicherte fremde Informationen zu \u00fcberwachen oder nach Umst\u00e4nden zu forschen, die auf eine rechtswidrige T\u00e4tigkeit hinweisen. Verpflichtungen zur Entfernung oder Sperrung der Nutzung von Informationen nach den allgemeinen Gesetzen bleiben hiervon unber\u00fchrt. Eine diesbez\u00fcgliche Haftung ist jedoch erst ab dem Zeitpunkt der Kenntnis einer konkreten Rechtsverletzung m\u00f6glich. Bei Bekanntwerden von entsprechenden Rechtsverletzungen werden wir diese Inhalte umgehend entfernen.<\/span><\/p>\n<p style=\"margin-top: 15pt; margin-bottom: 7pt; font-family: 'Open Sans'; font-size: 15.75pt; color: #333333;\"><span style=\"background: white;\">Haftung f\u00fcr Links auf Webseiten Dritter<\/span><\/p>\n<p style=\"margin-top: 0pt; margin-bottom: 7pt; font-family: 'Open Sans'; font-size: 11.25pt; color: #333333;\"><span style=\"background: white;\">Unser Angebot enth\u00e4lt Links zu externen Websites. Auf den Inhalt dieser externen Webseiten haben wir keinerlei Einfluss. Deshalb k\u00f6nnen wir f\u00fcr diese fremden Inhalte auch keine Gew\u00e4hr \u00fcbernehmen. F\u00fcr die Inhalte der verlinkten Seiten ist stets der jeweilige Anbieter oder Betreiber der Seiten verantwortlich. Die verlinkten Seiten wurden zum Zeitpunkt der Verlinkung auf m\u00f6gliche Rechtsverst\u00f6\u00dfe \u00fcberpr\u00fcft. Rechtswidrige Inhalte waren zum Zeitpunkt der Verlinkung nicht erkennbar. Eine permanente inhaltliche Kontrolle der verlinkten Seiten ist jedoch ohne konkrete Anhaltspunkte einer Rechtsverletzung nicht zumutbar. Bei Bekanntwerden von Rechtsverletzungen werden wir derartige Links umgehend entfernen.<\/span><\/p>\n<p style=\"margin-top: 15pt; margin-bottom: 7pt; font-family: 'Open Sans'; font-size: 15.75pt; color: #333333;\"><span style=\"background: white;\">Urheberrecht<\/span><\/p>\n<p style=\"margin-top: 0pt; margin-bottom: 7pt; font-family: 'Open Sans'; font-size: 11.25pt; color: #333333;\"><span style=\"background: white;\">Die Betreiber dieser Webseite&nbsp;sind bem\u00fcht, stets die Urheberrechte anderer zu beachten bzw. auf selbst erstellte sowie lizenzfreie Werke zur\u00fcckzugreifen. Die durch die Seitenbetreiber erstellten Inhalte und Werke auf dieser Webseite unterliegen dem Urheberrecht. Beitr\u00e4ge Dritter sind als solche gekennzeichnet. Die Vervielf\u00e4ltigung, Bearbeitung, Verbreitung und jede Art der Verwertung au\u00dferhalb der Grenzen des Urheberrechtes bed\u00fcrfen der schriftlichen Zustimmung des jeweiligen Autors bzw. Erstellers. Downloads und Kopien dieser Seite sind nur f\u00fcr den privaten, nicht kommerziellen Gebrauch gestattet.<\/span><\/p>\n<p style=\"margin-top: 15pt; margin-bottom: 7pt; font-family: 'Open Sans'; font-size: 15.5pt; color: #333333;\"><span style=\"background: white;\">Datenschutzerkl\u00e4rung<\/span><\/p>\n<p style=\"margin-top: 0pt; margin-bottom: 7pt; font-family: 'Open Sans'; font-size: 11.25pt; color: #333333;\"><span style=\"background: white;\">Wir legen gro\u00dfen Wert auf den Schutz Ihrer Daten. Um Sie in vollem Umfang \u00fcber die Verwendung personenbezogener Daten zu informieren, bitten wir Sie die folgenden Datenschutzhinweise zur Kenntnis zu nehmen.<\/span><\/p>\n<p style=\"margin-top: 15pt; margin-bottom: 7pt; font-family: 'Open Sans'; font-size: 15.75pt; color: #333333;\"><span style=\"background: white;\">Pers\u00f6nliche Daten<\/span><\/p>\n<p style=\"margin-top: 0pt; margin-bottom: 7pt; font-family: 'Open Sans'; font-size: 11.25pt; color: #333333;\"><span style=\"background: white;\">Pers\u00f6nliche Daten, die Sie auf dieser&nbsp;Website elektronisch \u00fcbermitteln, wie zum Beispiel Name, E-Mail-Adresse, Adresse&nbsp;oder andere pers\u00f6nlichen Angaben, werden von uns nur zum jeweils angegebenen Zweck verwendet, sicher verwahrt und nicht an Dritte weitergegeben. Der Provider erhebt und speichert automatisch Informationen am Webserver wie verwendeter Browser, Betriebssystem, Verweisseite, IP-Adresse, Uhrzeit des Zugriffs usw. Diese Daten k\u00f6nnen ohne Pr\u00fcfung weiterer Datenquellen keinen bestimmten Personen zugeordnet werden und wir werten diese Daten auch nicht weiter aus solange keine rechtswidrige Nutzung unserer Webseite vorliegt.<\/span><\/p>\n<p style=\"margin-top: 15pt; margin-bottom: 7pt; font-family: 'Open Sans'; font-size: 15.75pt; color: #333333;\"><span style=\"background: white;\">Formulardaten und Kommentare<\/span><\/p>\n<p style=\"margin-top: 0pt; margin-bottom: 7pt; font-family: 'Open Sans'; font-size: 11.25pt; color: #333333;\"><span style=\"background: white;\">Wenn Webseitenbesucher Kommentare oder Formulareintr\u00e4ge hinterlassen, werden die eingegebenen Daten und ihre IP-Adressen gespeichert. Das erfolgt zur Sicherheit, falls jemand widerrechtliche Inhalte verfasst (Beleidigungen, links- oder rechtsextreme Propaganda, Hasspostings usw.). In diesem Fall sind wir&nbsp;an der Identit\u00e4t des Verfassers interessiert.<\/span><\/p>\n<p style=\"margin-top: 15pt; margin-bottom: 7pt; font-family: 'Open Sans'; font-size: 15.75pt; color: #333333;\"><span style=\"background: white;\">Cookies<\/span><\/p>\n<p style=\"margin-top: 0pt; margin-bottom: 7pt; font-family: 'Open Sans'; font-size: 11.25pt; color: #333333;\"><span style=\"background: white;\">Cookies sind kleine Dateien, die es dieser Webseite erm\u00f6glichen auf dem Computer des Besuchers spezifische, auf den Nutzer bezogene Informationen zu speichern, w\u00e4hrend unsere Website besucht wird. Cookies helfen uns dabei, die Nutzungsh\u00e4ufigkeit und die Anzahl der Nutzer unserer Internetseiten zu ermitteln, sowie unsere Angebote f\u00fcr Sie komfortabel und effizient zu gestalten. Wir verwenden einerseits Session-Cookies, die ausschlie\u00dflich f\u00fcr die Dauer Ihrer Nutzung unserer Website zwischengespeichert werden und zum anderen permanente Cookies, um Informationen \u00fcber Besucher festzuhalten, die wiederholt auf unsere Website zugreifen. Der Zweck des Einsatzes dieser Cookies besteht darin, eine optimale Benutzerf\u00fchrung anbieten zu k\u00f6nnen sowie Besucher wiederzuerkennen und bei wiederholter Nutzung eine m\u00f6glichst attraktive Website und interessante Inhalte pr\u00e4sentieren zu k\u00f6nnen. Der Inhalt eines permanenten Cookies beschr\u00e4nkt sich auf eine Identifikationsnummer. Name, IP-Adresse usw. werden nicht gespeichert. Eine Einzelprofilbildung \u00fcber Ihr Nutzungsverhalten findet nicht statt. Eine Nutzung unserer Angebote ist auch ohne Cookies m\u00f6glich. Sie k\u00f6nnen in Ihrem Browser das Speichern von Cookies deaktivieren, auf bestimmte Webseiten beschr\u00e4nken oder Ihren Webbrowser (Chrome, IE, Firefox,\u2026) so einstellen, dass er sie benachrichtigt, sobald ein Cookie gesendet wird. Sie k\u00f6nnen Cookies auch jederzeit von der Festplatte ihres PC l\u00f6schen. Bitte beachten Sie aber, dass Sie in diesem Fall mit einer eingeschr\u00e4nkten Darstellung der Seite und mit einer eingeschr\u00e4nkten Benutzerf\u00fchrung rechnen m\u00fcssen.<\/span><\/p>\n<p style=\"margin-top: 15pt; margin-bottom: 7pt; font-family: 'Open Sans'; font-size: 15.75pt; color: #333333;\"><span style=\"background: white;\">Datenschutzerkl\u00e4rung f\u00fcr die Nutzung von Pinterest<\/span><\/p>\n<p style=\"margin-top: 0pt; margin-bottom: 7pt; font-family: 'Open Sans'; font-size: 11.25pt; color: #333333;\"><span lang=\"en-GB\" style=\"background: white;\">Auf unserer Webseite verwenden wir Social Plugins des sozialen Netzwerks Pinterest, das von der Pinterest Inc., 635 High Street, Palo Alto, CA, 94301, USA (<\/span><span lang=\"de\" style=\"background: white;\">\u201e<\/span><span lang=\"en-GB\" style=\"background: white;\">Pinterest<\/span><span lang=\"de\" style=\"background: white;\">\u201c<\/span><span lang=\"en-GB\" style=\"background: white;\">) betrieben wird. Wenn Sie eine Seite aufrufen die ein solches Plugin enth<\/span><span lang=\"de\" style=\"background: white;\">\u00e4<\/span><span lang=\"en-GB\" style=\"background: white;\">lt, stellt Ihr Browser eine direkte Verbindung zu den Servern von Pinterest her. Das Plugin <\/span><span lang=\"de\" style=\"background: white;\">\u00fc<\/span><span lang=\"en-GB\" style=\"background: white;\">bermittelt dabei Daten an den Server von Pinterest. Diese Daten enthalten m<\/span><span lang=\"de\" style=\"background: white;\">\u00f6<\/span><span lang=\"en-GB\" style=\"background: white;\">glicherweise Ihre IP-Adresse, die Adresse der besuchten Websites, die ebenfalls Pinterest-Funktionen enthalten, Art und Einstellungen des Browsers, Datum und Zeitpunkt der Anfrage, Ihre Verwendungsweise von Pinterest sowie Cookies.<\/span><\/p>\n<p style=\"margin-top: 0pt; margin-bottom: 7pt; font-family: 'Open Sans'; font-size: 11.25pt; color: #333333;\"><span style=\"background: white;\">Weitere Informationen zu Zweck, Umfang und weiterer Verarbeitung und Nutzung der Daten durch Pinterest sowie Ihre diesbez\u00fcglichen Rechte und M\u00f6glichkeiten zum Schutz Ihrer Privatsph\u00e4re finden Sie in den Datenschutzrichtlinien von Pinterest:<\/span><\/p>\n<p style=\"margin-top: 0pt; margin-bottom: 7pt;\"><a href=\"https:\/\/about.pinterest.com\/de\/privacy-policy\"><span lang=\"en-GB\" style=\"font-family: 'Open Sans'; font-size: 11.25pt; background: white;\">https:\/\/about.pinterest.com\/de\/privacy-policy.<\/span><\/a><\/p>\n<p style=\"margin-top: 15pt; margin-bottom: 7pt; font-family: 'Open Sans'; font-size: 15.75pt; color: #333333;\"><span style=\"background: white;\">Datenschutzerkl\u00e4rung f\u00fcr die Nutzung von LinkedIn<\/span><\/p>\n<p style=\"margin-top: 0pt; margin-bottom: 7pt; font-family: 'Open Sans'; font-size: 11.25pt; color: #333333;\"><span lang=\"en-GB\" style=\"background: white;\">Unsere Webseite nutzt Funktionen des Social Media Netzwerks LinkedIn. Anbieter ist die LinkedIn Corporation, 2029 Stierlin Court, Mountain View, CA 94043, USA. Bei jedem Abruf einer unserer Webseiten, die Funktionen von LinkedIn enth\u00e4lt, wird eine Verbindung zu Servern von LinkedIn aufbaut. LinkedIn wird dar\u00fcber informiert, dass Sie unsere Internetseiten mit Ihrer IP-Adresse besucht haben. Wenn Sie die Buttons von LinkedIn anklicken und in Ihrem Account bei LinkedIn eingeloggt sind, ist es LinkedIn m\u00f6glich, Ihren Besuch auf unserer Internetseite Ihnen und Ihrem Benutzerkonto zuzuordnen. Wir weisen darauf hin, dass wir als Anbieter der Seiten keine Kenntnis vom Inhalt der \u00fcbermittelten Daten sowie deren Nutzung durch LinkedIn haben.&nbsp;<\/span><span lang=\"de\" style=\"background: white;\">Weitere Informationen hierzu finden Sie in der Datenschutzerkl\u00e4rung von LinkedIn unter:<\/span><\/p>\n<p style=\"margin-top: 0pt; margin-bottom: 7pt;\"><a href=\"https:\/\/www.linkedin.com\/legal\/privacy-policy\"><span lang=\"en-GB\" style=\"font-family: 'Open Sans'; font-size: 11.25pt; background: white;\">https:\/\/www.linkedin.com\/legal\/privacy-policy<\/span><\/a><span lang=\"en-GB\" style=\"font-family: 'Open Sans'; font-size: 11.25pt; color: #333333; background: white;\">.<\/span><\/p>\n<p style=\"margin-top: 15pt; margin-bottom: 7pt; font-family: 'Open Sans'; font-size: 15.75pt; color: #333333;\"><span style=\"background: white;\">Datenschutzerkl\u00e4rung f\u00fcr die Nutzung von XING<\/span><\/p>\n<p style=\"margin-top: 0pt; margin-bottom: 7pt; font-family: 'Open Sans'; font-size: 11.25pt;\"><span lang=\"en-GB\" style=\"color: #333333; background: white;\">Unsere Webseite nutzt Funktionen des Social Media Netzwerks XING. Anbieter ist die XING AG, Dammtorstra\u00dfe 29-32, 20354 Hamburg, Deutschland. Bei jedem Abruf einer unserer Seiten, die Funktionen von XING enth\u00e4lt, wird eine Verbindung zu Servern von XING hergestellt. XING&nbsp;wird m\u00f6glicherweise dar\u00fcber informiert, dass Sie unsere Internetseiten mit Ihrer IP-Adresse besucht haben. Wenn Sie die Buttons von XING&nbsp;anklicken und in Ihrem Account bei XING&nbsp;eingeloggt sind, ist es XING unter Umst\u00e4nden m\u00f6glich, Ihren Besuch auf unserer Internetseite Ihnen und Ihrem Benutzerkonto zuzuordnen. Wir weisen darauf hin, dass wir als Anbieter der Seiten keine Kenntnis vom Inhalt der \u00fcbermittelten Daten sowie deren Nutzung durch XING&nbsp;haben.&nbsp;Weitere Information zum Datenschutz bei XING finden Sie in der&nbsp;Datenschutzerkl\u00e4rung unter<\/span><span lang=\"de\" style=\"color: #333333; background: white;\">&nbsp;<\/span><a href=\"https:\/\/www.xing.com\/privacy\"><span lang=\"de\" style=\"background: white;\">https:\/\/www.xing.com\/privacy<\/span><\/a><span lang=\"en-GB\" style=\"color: #333333; background: white;\">.<\/span><\/p>\n<p style=\"margin-top: 15pt; margin-bottom: 7pt; font-family: 'Open Sans'; font-size: 15.75pt; color: #333333;\"><span style=\"background: white;\">Datenschutzerkl\u00e4rung f\u00fcr die Nutzung von Instagram<\/span><\/p>\n<p style=\"margin-top: 0pt; margin-bottom: 7pt; font-family: 'Open Sans'; font-size: 11.25pt; color: #333333;\"><span style=\"background: white;\">Auf unserer Webseite sind Funktionen des Dienstes Instagram eingebunden. Diese Funktionen werden angeboten durch die Instagram Inc., 1601 Willow Road, Menlo Park, CA, 94025, USA integriert. Wenn Sie in Ihren Instagram-Account eingeloggt sind, k\u00f6nnen Sie durch Anklicken des Instagram-Buttons die Inhalte unserer Seiten mit Ihrem Instagram-Profil verlinken. Dadurch kann Instagram den Besuch unserer Seiten Ihrem Benutzerkonto zuordnen. Wir weisen darauf hin, dass wir als Anbieter der Seiten keine Kenntnis vom Inhalt der u\u0308bermittelten Daten sowie deren Nutzung durch Instagram erhalten.<\/span><\/p>\n<p style=\"margin-top: 0pt; margin-bottom: 7pt; font-family: 'Open Sans'; font-size: 11.25pt;\"><span lang=\"en-GB\" style=\"color: #333333; background: white;\">Weitere Informationen hierzu finden Sie in der Datenschutzerkl\u00e4rung von Instagram auf&nbsp;<\/span><a href=\"https:\/\/www.instagram.com\/about\/legal\/privacy\/\"><span lang=\"de\" style=\"background: white;\">https:\/\/www.instagram.com\/about\/legal\/privacy\/<\/span><\/a><span lang=\"en-GB\" style=\"color: #333333; background: white;\">.<\/span><\/p>\n<p style=\"margin-top: 15pt; margin-bottom: 7pt; font-family: 'Open Sans'; font-size: 15.75pt; color: #333333;\"><span style=\"background: white;\">Auskunftsrecht<\/span><\/p>\n<p style=\"margin-top: 0pt; margin-bottom: 7pt; font-family: 'Open Sans'; font-size: 11.25pt; color: #333333;\"><span style=\"background: white;\">Sie haben jederzeit das Recht auf Auskunft \u00fcber die bez\u00fcglich Ihrer Person gespeicherten Daten, deren Herkunft und Empf\u00e4nger sowie den Zweck der Speicherung<\/span><\/p>\n<p>All material here are copyright and may not be used in any way without specific written consent from the owner of the material. All rights reserved.<\/p>\n","protected":false},"excerpt":{"rendered":"<p>Impressum Informationspflicht laut \u00a75 E-Commerce Gesetz, \u00a714 Unternehmensgesetzbuch, \u00a763 Gewerbeordnung und Offenlegungspflicht laut \u00a725 Mediengesetz Alexander&nbsp;Senfter Philippine Welser Stra\u00dfe 37\/1, 6020&nbsp;Innsbruck UID-Nummer:&nbsp;ATU72974935 Tel.:&nbsp;+43 (0)699 14455443 E-Mail:&nbsp;office@acegraph.com Mitglied bei:&nbsp;WKO Tirol Berufsrecht:&nbsp;Gewerbeordnung:&#8230;<\/p>\n","protected":false},"author":1,"featured_media":0,"parent":0,"menu_order":0,"comment_status":"closed","ping_status":"closed","template":"","meta":{"ngg_post_thumbnail":0,"footnotes":""},"class_list":["post-543","page","type-page","status-publish"],"_links":{"self":[{"href":"http:\/\/www.acegraph.com\/index.php?rest_route=\/wp\/v2\/pages\/543"}],"collection":[{"href":"http:\/\/www.acegraph.com\/index.php?rest_route=\/wp\/v2\/pages"}],"about":[{"href":"http:\/\/www.acegraph.com\/index.php?rest_route=\/wp\/v2\/types\/page"}],"author":[{"embeddable":true,"href":"http:\/\/www.acegraph.com\/index.php?rest_route=\/wp\/v2\/users\/1"}],"replies":[{"embeddable":true,"href":"http:\/\/www.acegraph.com\/index.php?rest_route=%2Fwp%2Fv2%2Fcomments&post=543"}],"version-history":[{"count":1,"href":"http:\/\/www.acegraph.com\/index.php?rest_route=\/wp\/v2\/pages\/543\/revisions"}],"predecessor-version":[{"id":544,"href":"http:\/\/www.acegraph.com\/index.php?rest_route=\/wp\/v2\/pages\/543\/revisions\/544"}],"wp:attachment":[{"href":"http:\/\/www.acegraph.com\/index.php?rest_route=%2Fwp%2Fv2%2Fmedia&parent=543"}],"curies":[{"name":"wp","href":"https:\/\/api.w.org\/{rel}","templated":true}]}}